{"id":4,"date":"2014-07-02T13:42:30","date_gmt":"2014-07-02T11:42:30","guid":{"rendered":"http:\/\/www.popchor-taktvoll.de\/chor\/?page_id=4"},"modified":"2024-08-09T16:18:24","modified_gmt":"2024-08-09T14:18:24","slug":"ueber-den-chor","status":"publish","type":"page","link":"http:\/\/www.popchor-taktvoll.de\/?page_id=4","title":{"rendered":"\u00dcber den Chor"},"content":{"rendered":"<p>Der Popchor Taktvoll entstand urspr\u00fcnglich als Projektchor anl\u00e4sslich des 40j\u00e4hrigen Jubil\u00e4ums des Kindergartens &#8220;Kleine Helden&#8221; in Bammental im Jahr 2012. Wir sind also inzwischen 12 Jahre alt.<\/p>\n<p>Der Leiter des Chores, Sebastian St\u00fcrzl, ist Erzieher in diesem Kindergarten, ebenso wie einige der Singenden. Den gr\u00f6\u00dften Teil der Singenden machen aktuell immer noch Eltern von Kindern aus, die im Kindergarten &#8220;Kleine Helden&#8221; betreut wurden, inzwischen aber aus dem Gr\u00f6bsten raus sind. Daneben gibt es allerdings eine wachsende Anzahl von Mitsingenden, deren Kinder entweder schon dem Kindergartenalter entwachsen oder in einem anderen Kindergarten sind.<\/p>\n<p>Bei uns ist jede\/r herzlich willkommen, der\/die Freude am Singen hat.<\/p>\n","protected":false},"excerpt":{"rendered":"<p>Der Popchor Taktvoll entstand urspr\u00fcnglich als Projektchor anl\u00e4sslich des 40j\u00e4hrigen Jubil\u00e4ums des Kindergartens &#8220;Kleine Helden&#8221; in Bammental im Jahr 2012. Wir sind also inzwischen 12 Jahre alt. Der Leiter des Chores, Sebastian St\u00fcrzl, ist Erzieher in diesem Kindergarten, ebenso wie einige der Singenden. Den gr\u00f6\u00dften Teil der Singenden machen aktuell immer noch Eltern von Kindern [&hellip;]<\/p>\n","protected":false},"author":1,"featured_media":0,"parent":0,"menu_order":0,"comment_status":"open","ping_status":"open","template":"","meta":{"footnotes":""},"class_list":["post-4","page","type-page","status-publish","hentry"],"publishpress_future_action":{"enabled":false,"date":"2026-04-25 13:23:07","action":"change-status","newStatus":"draft","terms":[],"taxonomy":""},"publishpress_future_workflow_manual_trigger":{"enabledWorkflows":[]},"_links":{"self":[{"href":"http:\/\/www.popchor-taktvoll.de\/index.php?rest_route=\/wp\/v2\/pages\/4"}],"collection":[{"href":"http:\/\/www.popchor-taktvoll.de\/index.php?rest_route=\/wp\/v2\/pages"}],"about":[{"href":"http:\/\/www.popchor-taktvoll.de\/index.php?rest_route=\/wp\/v2\/types\/page"}],"author":[{"embeddable":true,"href":"http:\/\/www.popchor-taktvoll.de\/index.php?rest_route=\/wp\/v2\/users\/1"}],"replies":[{"embeddable":true,"href":"http:\/\/www.popchor-taktvoll.de\/index.php?rest_route=%2Fwp%2Fv2%2Fcomments&post=4"}],"version-history":[{"count":3,"href":"http:\/\/www.popchor-taktvoll.de\/index.php?rest_route=\/wp\/v2\/pages\/4\/revisions"}],"predecessor-version":[{"id":733,"href":"http:\/\/www.popchor-taktvoll.de\/index.php?rest_route=\/wp\/v2\/pages\/4\/revisions\/733"}],"wp:attachment":[{"href":"http:\/\/www.popchor-taktvoll.de\/index.php?rest_route=%2Fwp%2Fv2%2Fmedia&parent=4"}],"curies":[{"name":"wp","href":"https:\/\/api.w.org\/{rel}","templated":true}]}}