{"id":545,"date":"2022-08-01T10:57:48","date_gmt":"2022-08-01T08:57:48","guid":{"rendered":"http:\/\/www.popchor-taktvoll.de\/?page_id=545"},"modified":"2022-08-01T11:01:27","modified_gmt":"2022-08-01T09:01:27","slug":"partner","status":"publish","type":"page","link":"http:\/\/www.popchor-taktvoll.de\/?page_id=545","title":{"rendered":"Partner"},"content":{"rendered":"\n<p>Unsere Konzerte werden erst erm\u00f6glicht durch die Zusammenarbeit mit unseren Partnern, die uns auf vielf\u00e4ltige Weise unterst\u00fctzen. Hier sehen Sie einige davon.<\/p>\n\n\n<div style=\"clear:both;\"><\/div><div id=\"list-wplf\" class=\"listid-wplf wplf-display\"><div id=\"wplf_list-item-0\" class=\"list-item wplf-item\">\r\n\t\t\t\t<a class=\"wplf_link\" href=\"https:\/\/www.kath-neckar-elsenz.de\/pfarrgemeinden\/bammental\/\" target=\"_blank\">\r\n\t\t\t\t<div class=\"list-img\"><img loading=\"lazy\" decoding=\"async\" width=\"300\" height=\"225\" src=\"http:\/\/www.popchor-taktvoll.de\/wp-content\/uploads\/wp-links-page\/KatholischeKirchengemeindeBammental1698051797-300x225.jpg\" class=\"attachment-medium size-medium\" alt=\"\" style=\"border: 3px solid black; \" srcset=\"http:\/\/www.popchor-taktvoll.de\/wp-content\/uploads\/wp-links-page\/KatholischeKirchengemeindeBammental1698051797-300x225.jpg 300w, http:\/\/www.popchor-taktvoll.de\/wp-content\/uploads\/wp-links-page\/KatholischeKirchengemeindeBammental1698051797-1024x768.jpg 1024w, http:\/\/www.popchor-taktvoll.de\/wp-content\/uploads\/wp-links-page\/KatholischeKirchengemeindeBammental1698051797-768x576.jpg 768w, http:\/\/www.popchor-taktvoll.de\/wp-content\/uploads\/wp-links-page\/KatholischeKirchengemeindeBammental1698051797.jpg 1280w\" sizes=\"(max-width: 300px) 100vw, 300px\" \/><\/div>\r\n\t\t\t\t<p class=\"wplf_display\" style=\"font-weight: bold; text-align: left\" >Katholische Kirchengemeinde Bammental<\/p>\r\n\t\t\t\t<\/a><p class=\"wplf_desc\" style=\"text-align: left\">Die katholische Pfarrgemeinde in Bammental unterst\u00fctzt uns auf vielf\u00e4ltige Weise: Immer wieder d\u00fcrfen wir zu Konzerten zu Gast sein. Au\u00dferdem konnten wir hier proben, als wir aufgrund strenger Auflagen sehr viel Platz gebraucht haben.<\/p>\r\n\t\t\t\t<\/div>\r\n\t\t\t\t<hr><div id=\"wplf_list-item-1\" class=\"list-item wplf-item\">\r\n\t\t\t\t<a class=\"wplf_link\" href=\"https:\/\/www.handschlag-percussion.de\" target=\"_blank\">\r\n\t\t\t\t<div class=\"list-img\"><img loading=\"lazy\" decoding=\"async\" width=\"300\" height=\"225\" src=\"http:\/\/www.popchor-taktvoll.de\/wp-content\/uploads\/wp-links-page\/HandschlagPercussion1682326295-300x225.jpg\" class=\"attachment-medium size-medium\" alt=\"\" style=\"border: 3px solid black; \" srcset=\"http:\/\/www.popchor-taktvoll.de\/wp-content\/uploads\/wp-links-page\/HandschlagPercussion1682326295-300x225.jpg 300w, http:\/\/www.popchor-taktvoll.de\/wp-content\/uploads\/wp-links-page\/HandschlagPercussion1682326295-1024x768.jpg 1024w, http:\/\/www.popchor-taktvoll.de\/wp-content\/uploads\/wp-links-page\/HandschlagPercussion1682326295-768x576.jpg 768w, http:\/\/www.popchor-taktvoll.de\/wp-content\/uploads\/wp-links-page\/HandschlagPercussion1682326295.jpg 1280w\" sizes=\"(max-width: 300px) 100vw, 300px\" \/><\/div>\r\n\t\t\t\t<p class=\"wplf_display\" style=\"font-weight: bold; text-align: left\" >Handschlag Percussion<\/p>\r\n\t\t\t\t<\/a><p class=\"wplf_desc\" style=\"text-align: left\">Handschlag Percussion ist Manuel Kleefu\u00df, unser Meister an der Percussion, ohne den all die rhythmisch anspruchsvollen St\u00fccke nicht im Ansatz funktionieren. Er ist aber nicht nur ein gro\u00dfer Percussionist, sondern auch ein gro\u00dfartiger Lehrer, der sein Wissen gerne weitergibt. Informationen zu seinen Kursen finden sich auf seiner Website.<\/p>\r\n\t\t\t\t<\/div>\r\n\t\t\t\t<hr><div id=\"wplf_list-item-2\" class=\"list-item wplf-item\">\r\n\t\t\t\t<a class=\"wplf_link\" href=\"https:\/\/evkiba.de\" target=\"_blank\">\r\n\t\t\t\t<div class=\"list-img\"><img loading=\"lazy\" decoding=\"async\" width=\"300\" height=\"225\" src=\"http:\/\/www.popchor-taktvoll.de\/wp-content\/uploads\/wp-links-page\/EvangelischeKircheBammental1699866642-300x225.jpg\" class=\"attachment-medium size-medium\" alt=\"\" style=\"border: 3px solid black; \" srcset=\"http:\/\/www.popchor-taktvoll.de\/wp-content\/uploads\/wp-links-page\/EvangelischeKircheBammental1699866642-300x225.jpg 300w, http:\/\/www.popchor-taktvoll.de\/wp-content\/uploads\/wp-links-page\/EvangelischeKircheBammental1699866642-1024x768.jpg 1024w, http:\/\/www.popchor-taktvoll.de\/wp-content\/uploads\/wp-links-page\/EvangelischeKircheBammental1699866642-768x576.jpg 768w, http:\/\/www.popchor-taktvoll.de\/wp-content\/uploads\/wp-links-page\/EvangelischeKircheBammental1699866642.jpg 1280w\" sizes=\"(max-width: 300px) 100vw, 300px\" \/><\/div>\r\n\t\t\t\t<p class=\"wplf_display\" style=\"font-weight: bold; text-align: left\" >Evangelische Kirche Bammental<\/p>\r\n\t\t\t\t<\/a><p class=\"wplf_desc\" style=\"text-align: left\">Die evangelische Kirche in Bammental ist auch immer wieder Veranstaltungsort unserer Konzerte.<\/p>\r\n\t\t\t\t<\/div>\r\n\t\t\t\t<hr><\/div><div style=\"clear:both;\"><\/div>\n","protected":false},"excerpt":{"rendered":"<p>Unsere Konzerte werden erst erm\u00f6glicht durch die Zusammenarbeit mit unseren Partnern, die uns auf vielf\u00e4ltige Weise unterst\u00fctzen. Hier sehen Sie einige davon.<\/p>\n","protected":false},"author":1,"featured_media":0,"parent":0,"menu_order":0,"comment_status":"closed","ping_status":"closed","template":"","meta":{"footnotes":""},"class_list":["post-545","page","type-page","status-publish","hentry"],"publishpress_future_action":{"enabled":false,"date":"2026-05-14 10:51:34","action":"change-status","newStatus":"draft","terms":[],"taxonomy":""},"publishpress_future_workflow_manual_trigger":{"enabledWorkflows":[]},"_links":{"self":[{"href":"http:\/\/www.popchor-taktvoll.de\/index.php?rest_route=\/wp\/v2\/pages\/545"}],"collection":[{"href":"http:\/\/www.popchor-taktvoll.de\/index.php?rest_route=\/wp\/v2\/pages"}],"about":[{"href":"http:\/\/www.popchor-taktvoll.de\/index.php?rest_route=\/wp\/v2\/types\/page"}],"author":[{"embeddable":true,"href":"http:\/\/www.popchor-taktvoll.de\/index.php?rest_route=\/wp\/v2\/users\/1"}],"replies":[{"embeddable":true,"href":"http:\/\/www.popchor-taktvoll.de\/index.php?rest_route=%2Fwp%2Fv2%2Fcomments&post=545"}],"version-history":[{"count":2,"href":"http:\/\/www.popchor-taktvoll.de\/index.php?rest_route=\/wp\/v2\/pages\/545\/revisions"}],"predecessor-version":[{"id":548,"href":"http:\/\/www.popchor-taktvoll.de\/index.php?rest_route=\/wp\/v2\/pages\/545\/revisions\/548"}],"wp:attachment":[{"href":"http:\/\/www.popchor-taktvoll.de\/index.php?rest_route=%2Fwp%2Fv2%2Fmedia&parent=545"}],"curies":[{"name":"wp","href":"https:\/\/api.w.org\/{rel}","templated":true}]}}